{"id":15,"date":"2019-01-21T11:24:08","date_gmt":"2019-01-21T08:24:08","guid":{"rendered":"http:\/\/cinarhukuk.com\/?page_id=15"},"modified":"2023-08-01T16:11:18","modified_gmt":"2023-08-01T13:11:18","slug":"calisma-alanlari","status":"publish","type":"page","link":"http:\/\/cinarhukuk.com\/index.php\/calisma-alanlari\/","title":{"rendered":"\u00c7al\u0131\u015fma Alanlar\u0131"},"content":{"rendered":"\n<div id=\"awsm-team-566\" class=\"awsm-grid-wrapper\">\n\t\n\t\t\t<div class=\"awsm-grid grid-style style-2 grid-5-col \">\n\t\t\t\t\t\t<div id=\"awsm-member-566-584\" class=\"awsm-grid-card awsm-team-item awsm-scale-anm awsm-all\" >\n\t\t\t\t   <figure>\n\t\t\t\t\t <img width=\"500\" height=\"500\" src=\"http:\/\/cinarhukuk.com\/wp-content\/uploads\/2021\/08\/pexels-tom-fisk-3840441-500x500.jpg\" class=\"attachment-awsm_team size-awsm_team wp-post-image\" alt=\"\" loading=\"lazy\" \/>\t\t\t\t\t\t <figcaption>\n\t\t\t\t\t\t\t<div class=\"awsm-personal-info\">\n\t\t\t\t\t\t\t   <h3>Deniz ve Liman Hukuku<\/h3>\n\t\t\t\t\t\t\t   \t\t\t\t\t\t\t<\/div>\n\t\t\t\t\t\t\t<div class=\"awsm-contact-info\">\n\t\t\t\t\t\t\t\t\t\t\t\t\t\t<\/div>\n\t\t\t\t\t\t <\/figcaption>\n\t\t\t\t   <\/figure>\n\t\t\t\t<\/div>\n\t\t\t\t\t\t\t<div id=\"awsm-member-566-585\" class=\"awsm-grid-card awsm-team-item awsm-scale-anm awsm-all\" >\n\t\t\t\t   <figure>\n\t\t\t\t\t <img width=\"500\" height=\"500\" src=\"http:\/\/cinarhukuk.com\/wp-content\/uploads\/2021\/08\/pexels-christina-morillo-1181304-500x500.jpg\" class=\"attachment-awsm_team size-awsm_team wp-post-image\" alt=\"\" loading=\"lazy\" \/>\t\t\t\t\t\t <figcaption>\n\t\t\t\t\t\t\t<div class=\"awsm-personal-info\">\n\t\t\t\t\t\t\t   <h3>Ticaret ve \u015eirketler Hukuku<\/h3>\n\t\t\t\t\t\t\t   \t\t\t\t\t\t\t<\/div>\n\t\t\t\t\t\t\t<div class=\"awsm-contact-info\">\n\t\t\t\t\t\t\t\t\t\t\t\t\t\t<\/div>\n\t\t\t\t\t\t <\/figcaption>\n\t\t\t\t   <\/figure>\n\t\t\t\t<\/div>\n\t\t\t\t\t\t\t<div id=\"awsm-member-566-587\" class=\"awsm-grid-card awsm-team-item awsm-scale-anm awsm-all\" >\n\t\t\t\t   <figure>\n\t\t\t\t\t <img width=\"500\" height=\"500\" src=\"http:\/\/cinarhukuk.com\/wp-content\/uploads\/2021\/08\/crime-scene-detective-examining-evidence-V95YTJQ-500x500.jpg\" class=\"attachment-awsm_team size-awsm_team wp-post-image\" alt=\"\" loading=\"lazy\" \/>\t\t\t\t\t\t <figcaption>\n\t\t\t\t\t\t\t<div class=\"awsm-personal-info\">\n\t\t\t\t\t\t\t   <h3>Ceza Hukuku<\/h3>\n\t\t\t\t\t\t\t   \t\t\t\t\t\t\t<\/div>\n\t\t\t\t\t\t\t<div class=\"awsm-contact-info\">\n\t\t\t\t\t\t\t\t\t\t\t\t\t\t<\/div>\n\t\t\t\t\t\t <\/figcaption>\n\t\t\t\t   <\/figure>\n\t\t\t\t<\/div>\n\t\t\t\t\t\t\t<div id=\"awsm-member-566-567\" class=\"awsm-grid-card awsm-team-item awsm-scale-anm awsm-all\" >\n\t\t\t\t   <figure>\n\t\t\t\t\t <img width=\"500\" height=\"500\" src=\"http:\/\/cinarhukuk.com\/wp-content\/uploads\/2021\/08\/pexels-binyamin-mellish-106399-500x500.jpg\" class=\"attachment-awsm_team size-awsm_team wp-post-image\" alt=\"\" loading=\"lazy\" \/>\t\t\t\t\t\t <figcaption>\n\t\t\t\t\t\t\t<div class=\"awsm-personal-info\">\n\t\t\t\t\t\t\t   <h3>Gayrimenkul ve Kira Hukuku<\/h3>\n\t\t\t\t\t\t\t   \t\t\t\t\t\t\t<\/div>\n\t\t\t\t\t\t\t<div class=\"awsm-contact-info\">\n\t\t\t\t\t\t\t\t\t\t\t\t\t\t<\/div>\n\t\t\t\t\t\t <\/figcaption>\n\t\t\t\t   <\/figure>\n\t\t\t\t<\/div>\n\t\t\t\t\t\t\t<div id=\"awsm-member-566-588\" class=\"awsm-grid-card awsm-team-item awsm-scale-anm awsm-all\" >\n\t\t\t\t   <figure>\n\t\t\t\t\t <img width=\"500\" height=\"500\" src=\"http:\/\/cinarhukuk.com\/wp-content\/uploads\/2021\/08\/pexels-andrea-piacquadio-3771097-500x500.jpg\" class=\"attachment-awsm_team size-awsm_team wp-post-image\" alt=\"\" loading=\"lazy\" \/>\t\t\t\t\t\t <figcaption>\n\t\t\t\t\t\t\t<div class=\"awsm-personal-info\">\n\t\t\t\t\t\t\t   <h3>S\u00f6zle\u015fmeler Hukuku<\/h3>\n\t\t\t\t\t\t\t   \t\t\t\t\t\t\t<\/div>\n\t\t\t\t\t\t\t<div class=\"awsm-contact-info\">\n\t\t\t\t\t\t\t\t\t\t\t\t\t\t<\/div>\n\t\t\t\t\t\t <\/figcaption>\n\t\t\t\t   <\/figure>\n\t\t\t\t<\/div>\n\t\t\t\t\t\t\t<div id=\"awsm-member-566-589\" class=\"awsm-grid-card awsm-team-item awsm-scale-anm awsm-all\" >\n\t\t\t\t   <figure>\n\t\t\t\t\t <img width=\"500\" height=\"500\" src=\"http:\/\/cinarhukuk.com\/wp-content\/uploads\/2021\/08\/money-NVMSCZ3-500x500.jpg\" class=\"attachment-awsm_team size-awsm_team wp-post-image\" alt=\"\" loading=\"lazy\" \/>\t\t\t\t\t\t <figcaption>\n\t\t\t\t\t\t\t<div class=\"awsm-personal-info\">\n\t\t\t\t\t\t\t   <h3>\u0130cra ve \u0130flas Hukuku<\/h3>\n\t\t\t\t\t\t\t   \t\t\t\t\t\t\t<\/div>\n\t\t\t\t\t\t\t<div class=\"awsm-contact-info\">\n\t\t\t\t\t\t\t\t\t\t\t\t\t\t<\/div>\n\t\t\t\t\t\t <\/figcaption>\n\t\t\t\t   <\/figure>\n\t\t\t\t<\/div>\n\t\t\t\t\t\t\t<div id=\"awsm-member-566-590\" class=\"awsm-grid-card awsm-team-item awsm-scale-anm awsm-all\" >\n\t\t\t\t   <figure>\n\t\t\t\t\t <img width=\"500\" height=\"500\" src=\"http:\/\/cinarhukuk.com\/wp-content\/uploads\/2021\/08\/tax-and-accounting-business-concept-P6TTCK6-500x500.jpg\" class=\"attachment-awsm_team size-awsm_team wp-post-image\" alt=\"\" loading=\"lazy\" \/>\t\t\t\t\t\t <figcaption>\n\t\t\t\t\t\t\t<div class=\"awsm-personal-info\">\n\t\t\t\t\t\t\t   <h3>Vergi Hukuku<\/h3>\n\t\t\t\t\t\t\t   \t\t\t\t\t\t\t<\/div>\n\t\t\t\t\t\t\t<div class=\"awsm-contact-info\">\n\t\t\t\t\t\t\t\t\t\t\t\t\t\t<\/div>\n\t\t\t\t\t\t <\/figcaption>\n\t\t\t\t   <\/figure>\n\t\t\t\t<\/div>\n\t\t\t\t\t\t\t<div id=\"awsm-member-566-591\" class=\"awsm-grid-card awsm-team-item awsm-scale-anm awsm-all\" >\n\t\t\t\t   <figure>\n\t\t\t\t\t <img width=\"500\" height=\"500\" src=\"http:\/\/cinarhukuk.com\/wp-content\/uploads\/2021\/08\/pexels-kateryna-babaieva-2760344-500x500.jpg\" class=\"attachment-awsm_team size-awsm_team wp-post-image\" alt=\"\" loading=\"lazy\" \/>\t\t\t\t\t\t <figcaption>\n\t\t\t\t\t\t\t<div class=\"awsm-personal-info\">\n\t\t\t\t\t\t\t   <h3>\u0130\u015f ve Sosyal G\u00fcvenlik Hukuku<\/h3>\n\t\t\t\t\t\t\t   \t\t\t\t\t\t\t<\/div>\n\t\t\t\t\t\t\t<div class=\"awsm-contact-info\">\n\t\t\t\t\t\t\t\t\t\t\t\t\t\t<\/div>\n\t\t\t\t\t\t <\/figcaption>\n\t\t\t\t   <\/figure>\n\t\t\t\t<\/div>\n\t\t\t\t\t\t\t<div id=\"awsm-member-566-592\" class=\"awsm-grid-card awsm-team-item awsm-scale-anm awsm-all\" >\n\t\t\t\t   <figure>\n\t\t\t\t\t <img width=\"500\" height=\"500\" src=\"http:\/\/cinarhukuk.com\/wp-content\/uploads\/2021\/08\/justice-and-law-concept-with-male-lawyer-in-the-of-P8CGWH4-500x500.jpg\" class=\"attachment-awsm_team size-awsm_team wp-post-image\" alt=\"\" loading=\"lazy\" \/>\t\t\t\t\t\t <figcaption>\n\t\t\t\t\t\t\t<div class=\"awsm-personal-info\">\n\t\t\t\t\t\t\t   <h3>\u0130dare Hukuku<\/h3>\n\t\t\t\t\t\t\t   \t\t\t\t\t\t\t<\/div>\n\t\t\t\t\t\t\t<div class=\"awsm-contact-info\">\n\t\t\t\t\t\t\t\t\t\t\t\t\t\t<\/div>\n\t\t\t\t\t\t <\/figcaption>\n\t\t\t\t   <\/figure>\n\t\t\t\t<\/div>\n\t\t\t\t\t\t\t<div id=\"awsm-member-566-593\" class=\"awsm-grid-card awsm-team-item awsm-scale-anm awsm-all\" >\n\t\t\t\t   <figure>\n\t\t\t\t\t <img width=\"500\" height=\"500\" src=\"http:\/\/cinarhukuk.com\/wp-content\/uploads\/2021\/08\/pexels-energepiccom-2988232-500x500.jpg\" class=\"attachment-awsm_team size-awsm_team wp-post-image\" alt=\"\" loading=\"lazy\" \/>\t\t\t\t\t\t <figcaption>\n\t\t\t\t\t\t\t<div class=\"awsm-personal-info\">\n\t\t\t\t\t\t\t   <h3>T\u00fcketici Hukuku<\/h3>\n\t\t\t\t\t\t\t   \t\t\t\t\t\t\t<\/div>\n\t\t\t\t\t\t\t<div class=\"awsm-contact-info\">\n\t\t\t\t\t\t\t\t\t\t\t\t\t\t<\/div>\n\t\t\t\t\t\t <\/figcaption>\n\t\t\t\t   <\/figure>\n\t\t\t\t<\/div>\n\t\t\t\t\t\t\t<div id=\"awsm-member-566-594\" class=\"awsm-grid-card awsm-team-item awsm-scale-anm awsm-all\" >\n\t\t\t\t   <figure>\n\t\t\t\t\t <img width=\"500\" height=\"500\" src=\"http:\/\/cinarhukuk.com\/wp-content\/uploads\/2021\/08\/pexels-vidal-balielo-jr-1682497-500x500.jpg\" class=\"attachment-awsm_team size-awsm_team wp-post-image\" alt=\"\" loading=\"lazy\" \/>\t\t\t\t\t\t <figcaption>\n\t\t\t\t\t\t\t<div class=\"awsm-personal-info\">\n\t\t\t\t\t\t\t   <h3>Aile Hukuku<\/h3>\n\t\t\t\t\t\t\t   \t\t\t\t\t\t\t<\/div>\n\t\t\t\t\t\t\t<div class=\"awsm-contact-info\">\n\t\t\t\t\t\t\t\t\t\t\t\t\t\t<\/div>\n\t\t\t\t\t\t <\/figcaption>\n\t\t\t\t   <\/figure>\n\t\t\t\t<\/div>\n\t\t\t\t\t\t\t<div id=\"awsm-member-566-595\" class=\"awsm-grid-card awsm-team-item awsm-scale-anm awsm-all\" >\n\t\t\t\t   <figure>\n\t\t\t\t\t <img width=\"500\" height=\"500\" src=\"http:\/\/cinarhukuk.com\/wp-content\/uploads\/2021\/08\/copyright-symbol-P74A2YB-500x500.jpg\" class=\"attachment-awsm_team size-awsm_team wp-post-image\" alt=\"\" loading=\"lazy\" \/>\t\t\t\t\t\t <figcaption>\n\t\t\t\t\t\t\t<div class=\"awsm-personal-info\">\n\t\t\t\t\t\t\t   <h3>Fikri M\u00fclkiyet Hukuku<\/h3>\n\t\t\t\t\t\t\t   \t\t\t\t\t\t\t<\/div>\n\t\t\t\t\t\t\t<div class=\"awsm-contact-info\">\n\t\t\t\t\t\t\t\t\t\t\t\t\t\t<\/div>\n\t\t\t\t\t\t <\/figcaption>\n\t\t\t\t   <\/figure>\n\t\t\t\t<\/div>\n\t\t\t\t\t\t\t<div id=\"awsm-member-566-596\" class=\"awsm-grid-card awsm-team-item awsm-scale-anm awsm-all\" >\n\t\t\t\t   <figure>\n\t\t\t\t\t <img width=\"500\" height=\"500\" src=\"http:\/\/cinarhukuk.com\/wp-content\/uploads\/2021\/08\/pexels-anna-shvets-4483323-500x500.jpg\" class=\"attachment-awsm_team size-awsm_team wp-post-image\" alt=\"\" loading=\"lazy\" \/>\t\t\t\t\t\t <figcaption>\n\t\t\t\t\t\t\t<div class=\"awsm-personal-info\">\n\t\t\t\t\t\t\t   <h3>Sa\u011fl\u0131k Hukuku<\/h3>\n\t\t\t\t\t\t\t   \t\t\t\t\t\t\t<\/div>\n\t\t\t\t\t\t\t<div class=\"awsm-contact-info\">\n\t\t\t\t\t\t\t\t\t\t\t\t\t\t<\/div>\n\t\t\t\t\t\t <\/figcaption>\n\t\t\t\t   <\/figure>\n\t\t\t\t<\/div>\n\t\t\t\t\t\t\t<div id=\"awsm-member-566-597\" class=\"awsm-grid-card awsm-team-item awsm-scale-anm awsm-all\" >\n\t\t\t\t   <figure>\n\t\t\t\t\t <img width=\"500\" height=\"500\" src=\"http:\/\/cinarhukuk.com\/wp-content\/uploads\/2021\/08\/pexels-pixabay-163726-500x500.jpg\" class=\"attachment-awsm_team size-awsm_team wp-post-image\" alt=\"\" loading=\"lazy\" \/>\t\t\t\t\t\t <figcaption>\n\t\t\t\t\t\t\t<div class=\"awsm-personal-info\">\n\t\t\t\t\t\t\t   <h3>Ta\u015f\u0131ma ve Lojistik Hukuku<\/h3>\n\t\t\t\t\t\t\t   \t\t\t\t\t\t\t<\/div>\n\t\t\t\t\t\t\t<div class=\"awsm-contact-info\">\n\t\t\t\t\t\t\t\t\t\t\t\t\t\t<\/div>\n\t\t\t\t\t\t <\/figcaption>\n\t\t\t\t   <\/figure>\n\t\t\t\t<\/div>\n\t\t\t\t\t\t\t<div id=\"awsm-member-566-586\" class=\"awsm-grid-card awsm-team-item awsm-scale-anm awsm-all\" >\n\t\t\t\t   <figure>\n\t\t\t\t\t <img width=\"500\" height=\"500\" src=\"http:\/\/cinarhukuk.com\/wp-content\/uploads\/2021\/08\/pexels-fauxels-3184465-500x500.jpg\" class=\"attachment-awsm_team size-awsm_team wp-post-image\" alt=\"\" loading=\"lazy\" \/>\t\t\t\t\t\t <figcaption>\n\t\t\t\t\t\t\t<div class=\"awsm-personal-info\">\n\t\t\t\t\t\t\t   <h3>Alternatif Uyu\u015fmazl\u0131k \u00c7\u00f6z\u00fcmleri<\/h3>\n\t\t\t\t\t\t\t   \t\t\t\t\t\t\t<\/div>\n\t\t\t\t\t\t\t<div class=\"awsm-contact-info\">\n\t\t\t\t\t\t\t\t\t\t\t\t\t\t<\/div>\n\t\t\t\t\t\t <\/figcaption>\n\t\t\t\t   <\/figure>\n\t\t\t\t<\/div>\n\t\t\t\t\t<\/div>\n\t<\/div>\n\n","protected":false},"excerpt":{"rendered":"","protected":false},"author":2,"featured_media":0,"parent":0,"menu_order":0,"comment_status":"closed","ping_status":"closed","template":"","meta":[],"acf":[],"_links":{"self":[{"href":"http:\/\/cinarhukuk.com\/index.php\/wp-json\/wp\/v2\/pages\/15"}],"collection":[{"href":"http:\/\/cinarhukuk.com\/index.php\/wp-json\/wp\/v2\/pages"}],"about":[{"href":"http:\/\/cinarhukuk.com\/index.php\/wp-json\/wp\/v2\/types\/page"}],"author":[{"embeddable":true,"href":"http:\/\/cinarhukuk.com\/index.php\/wp-json\/wp\/v2\/users\/2"}],"replies":[{"embeddable":true,"href":"http:\/\/cinarhukuk.com\/index.php\/wp-json\/wp\/v2\/comments?post=15"}],"version-history":[{"count":5,"href":"http:\/\/cinarhukuk.com\/index.php\/wp-json\/wp\/v2\/pages\/15\/revisions"}],"predecessor-version":[{"id":733,"href":"http:\/\/cinarhukuk.com\/index.php\/wp-json\/wp\/v2\/pages\/15\/revisions\/733"}],"wp:attachment":[{"href":"http:\/\/cinarhukuk.com\/index.php\/wp-json\/wp\/v2\/media?parent=15"}],"curies":[{"name":"wp","href":"https:\/\/api.w.org\/{rel}","templated":true}]}}