{"id":20,"date":"2019-01-21T11:26:54","date_gmt":"2019-01-21T08:26:54","guid":{"rendered":"http:\/\/cinarhukuk.com\/?page_id=20"},"modified":"2023-08-01T16:14:18","modified_gmt":"2023-08-01T13:14:18","slug":"iletisim","status":"publish","type":"page","link":"http:\/\/cinarhukuk.com\/index.php\/iletisim\/","title":{"rendered":"\u0130leti\u015fim"},"content":{"rendered":"\n<p>Adres: Safi Espadon Kule 4. Kat D:41 Orta Mah. Kartal E-5 \u00dcst\u00fc &#8211; Kartal \/ \u0130stanbul<\/p>\n\n\n\n<p>Telefon: 0216 504 17 39 <\/p>\n\n\n\nMail: <img src=\"http:\/\/cinarhukuk.com\/wp-content\/uploads\/2019\/07\/cnrmail.png\"> <br><br>\n\n\n\n<p>H\u0131zl\u0131 harita ba\u011flant\u0131lar\u0131;<\/p>\n\n\n\n<a href=\"https:\/\/maps.apple.com\/?address=So%C4%9Fanl%C4%B1k%20D-100%20Kuzey%20Yolu%2026,%2034880%20Kartal%20%C4%B0stanbul,%20T%C3%BCrkiye&amp;auid=9248352153102843598&amp;ll=40.910216,29.201436&amp;lsp=9902&amp;q=Safi%20Espadon&amp;_ext=CisKBQgEENwBCgQIBRADCgQIBhALCgQIChAACgQIUhADCgQIVRAQCgQIWRADEiYpmAPzN\/JzREAxKCWP7R8yPUA5FtkYlBh1REBBrD837io1PUBQBA%3D%3D&amp;t=m\"><img src=\"http:\/\/cinarhukuk.com\/wp-content\/uploads\/2021\/08\/appleharita.png\"><\/a>&nbsp;&nbsp;&nbsp;&nbsp;<a href=\"https:\/\/goo.gl\/maps\/ED8PqwUJDUmqMviN8\"><img src=\"http:\/\/cinarhukuk.com\/wp-content\/uploads\/2021\/08\/googleharita.png\"><\/a>&nbsp;&nbsp;&nbsp;&nbsp;<a href=\"https:\/\/yandex.com.tr\/navi\/?whatshere%5Bpoint%5D=29.201260%2C40.910294&amp;whatshere%5Bzoom%5D=18&amp;lang=tr&amp;from=navi\"><img src=\"http:\/\/cinarhukuk.com\/wp-content\/uploads\/2021\/08\/Yandexharita.png\"><\/a><br><br>\n\n\n\n<iframe loading=\"lazy\" src=\"https:\/\/www.google.com\/maps\/embed?pb=!1m18!1m12!1m3!1d3015.2566152871746!2d29.198960315411004!3d40.91011897931086!2m3!1f0!2f0!3f0!3m2!1i1024!2i768!4f13.1!3m3!1m2!1s0x14cab6514d1706b1%3A0xd05b1c0db8eaef29!2zw4fEsW5hciBIdWt1aw!5e0!3m2!1str!2str!4v1566388045667!5m2!1str!2str\" width=\"600\" height=\"200\" frameborder=\"0\" style=\"border:0\" allowfullscreen=\"\"><\/iframe>\n","protected":false},"excerpt":{"rendered":"<p>Adres: Safi Espadon Kule 4. Kat D:41 Orta Mah. Kartal E-5 \u00dcst\u00fc &#8211; Kartal \/ \u0130stanbul Telefon: 0216 504 17 39 Mail: H\u0131zl\u0131 harita ba\u011flant\u0131lar\u0131; &nbsp;&nbsp;&nbsp;&nbsp;&nbsp;&nbsp;&nbsp;&nbsp;<\/p>\n","protected":false},"author":2,"featured_media":0,"parent":0,"menu_order":0,"comment_status":"closed","ping_status":"closed","template":"","meta":[],"acf":[],"_links":{"self":[{"href":"http:\/\/cinarhukuk.com\/index.php\/wp-json\/wp\/v2\/pages\/20"}],"collection":[{"href":"http:\/\/cinarhukuk.com\/index.php\/wp-json\/wp\/v2\/pages"}],"about":[{"href":"http:\/\/cinarhukuk.com\/index.php\/wp-json\/wp\/v2\/types\/page"}],"author":[{"embeddable":true,"href":"http:\/\/cinarhukuk.com\/index.php\/wp-json\/wp\/v2\/users\/2"}],"replies":[{"embeddable":true,"href":"http:\/\/cinarhukuk.com\/index.php\/wp-json\/wp\/v2\/comments?post=20"}],"version-history":[{"count":22,"href":"http:\/\/cinarhukuk.com\/index.php\/wp-json\/wp\/v2\/pages\/20\/revisions"}],"predecessor-version":[{"id":4258,"href":"http:\/\/cinarhukuk.com\/index.php\/wp-json\/wp\/v2\/pages\/20\/revisions\/4258"}],"wp:attachment":[{"href":"http:\/\/cinarhukuk.com\/index.php\/wp-json\/wp\/v2\/media?parent=20"}],"curies":[{"name":"wp","href":"https:\/\/api.w.org\/{rel}","templated":true}]}}