{"id":651,"date":"2021-08-22T01:24:24","date_gmt":"2021-08-21T22:24:24","guid":{"rendered":"http:\/\/cinarhukuk.com\/?page_id=651"},"modified":"2023-08-01T16:15:16","modified_gmt":"2023-08-01T13:15:16","slug":"kullanim-sartlari-ve-sorumsuzluk-metni","status":"publish","type":"page","link":"http:\/\/cinarhukuk.com\/index.php\/kullanim-sartlari-ve-sorumsuzluk-metni\/","title":{"rendered":"Kullan\u0131m \u015eartlar\u0131 ve Sorumsuzluk Metni"},"content":{"rendered":"\n<p>Bu web sitesinde yer verilen bilgi ve g\u00f6r\u00fc\u015fler sadece genel ama\u00e7l\u0131 ve yol g\u00f6sterme ama\u00e7l\u0131 olup, \u00c7\u0131nar Hukuk B\u00fcrosu&#8217;nun g\u00f6r\u00fc\u015flerini yans\u0131tmayabilir. <\/p>\n\n\n\n<p>Bu sitede edindi\u011finiz bilgiler hukuki tavsiye niteli\u011finde de\u011fildir ve olmas\u0131 da ama\u00e7lanmam\u0131\u015ft\u0131r. <\/p>\n\n\n\n<p>Ki\u015fisel durumunuzla ilgili tavsiye almak i\u00e7in bir avukata dan\u0131\u015fman\u0131z\u0131 \u00f6nermekteyiz. <\/p>\n\n\n\n<p>Sizleri telefon, mektup ve elektronik posta yoluyla \u00c7\u0131nar Hukuk B\u00fcrosu ile ileti\u015fime ge\u00e7meye davet ediyoruz. <\/p>\n\n\n\n<p>Bizimle ileti\u015fime ge\u00e7menizin veya i\u015fbu web sitesini ziyaret etmenizin tek ba\u015f\u0131na avukat-m\u00fcvekkil ili\u015fkisi olu\u015fturmayaca\u011f\u0131n\u0131 belirtmek isteriz. <\/p>\n\n\n\n<p>\u0130\u015fbu web sitesinde yay\u0131nlanan t\u00fcm materyallerin telif haklar\u0131 sakl\u0131d\u0131r. \u00c7\u0131nar Hukuk B\u00fcrosu ve telif hakk\u0131 sahiplerinin yaz\u0131l\u0131 izni olmaks\u0131z\u0131n hi\u00e7bir b\u00f6l\u00fcm\u00fc hi\u00e7bir \u015fekilde \u00e7o\u011falt\u0131lamaz veya yeniden da\u011f\u0131t\u0131lamaz. <\/p>\n\n\n\n<p>\u00a9 2005 \u00c7\u0131nar Hukuk B\u00fcrosu. T\u00fcm haklar\u0131 sakl\u0131d\u0131r.<\/p>\n","protected":false},"excerpt":{"rendered":"<p>Bu web sitesinde yer verilen bilgi ve g\u00f6r\u00fc\u015fler sadece genel ama\u00e7l\u0131 ve yol g\u00f6sterme ama\u00e7l\u0131 olup, \u00c7\u0131nar Hukuk B\u00fcrosu&#8217;nun g\u00f6r\u00fc\u015flerini yans\u0131tmayabilir. Bu sitede edindi\u011finiz bilgiler hukuki tavsiye niteli\u011finde de\u011fildir ve olmas\u0131 da ama\u00e7lanmam\u0131\u015ft\u0131r. Ki\u015fisel durumunuzla ilgili tavsiye almak i\u00e7in bir avukata dan\u0131\u015fman\u0131z\u0131 \u00f6nermekteyiz. Sizleri telefon, mektup ve elektronik posta yoluyla \u00c7\u0131nar Hukuk B\u00fcrosu ile ileti\u015fime [&hellip;]<\/p>\n","protected":false},"author":2,"featured_media":0,"parent":0,"menu_order":0,"comment_status":"closed","ping_status":"closed","template":"","meta":[],"acf":[],"_links":{"self":[{"href":"http:\/\/cinarhukuk.com\/index.php\/wp-json\/wp\/v2\/pages\/651"}],"collection":[{"href":"http:\/\/cinarhukuk.com\/index.php\/wp-json\/wp\/v2\/pages"}],"about":[{"href":"http:\/\/cinarhukuk.com\/index.php\/wp-json\/wp\/v2\/types\/page"}],"author":[{"embeddable":true,"href":"http:\/\/cinarhukuk.com\/index.php\/wp-json\/wp\/v2\/users\/2"}],"replies":[{"embeddable":true,"href":"http:\/\/cinarhukuk.com\/index.php\/wp-json\/wp\/v2\/comments?post=651"}],"version-history":[{"count":3,"href":"http:\/\/cinarhukuk.com\/index.php\/wp-json\/wp\/v2\/pages\/651\/revisions"}],"predecessor-version":[{"id":657,"href":"http:\/\/cinarhukuk.com\/index.php\/wp-json\/wp\/v2\/pages\/651\/revisions\/657"}],"wp:attachment":[{"href":"http:\/\/cinarhukuk.com\/index.php\/wp-json\/wp\/v2\/media?parent=651"}],"curies":[{"name":"wp","href":"https:\/\/api.w.org\/{rel}","templated":true}]}}